{"id":5,"date":"2018-03-30T13:35:49","date_gmt":"2018-03-30T13:35:49","guid":{"rendered":"http:\/\/codeless.co\/picante\/default\/?page_id=5"},"modified":"2022-05-31T22:48:36","modified_gmt":"2022-05-31T20:48:36","slug":"home","status":"publish","type":"page","link":"https:\/\/kafkaf.floriankromer.fr\/","title":{"rendered":"Home"},"content":{"rendered":"<p>[cl_row fullheight=\u00a0\u00bb1&Prime; css_style=\u00a0\u00bbmargin-top:m|margin-bottom:m|margin-left:m|margin-right:m|padding-top:m|padding-bottom:m|padding-left:m|padding-right:m|border-top-width:m|border-bottom-width:m|border-left-width:m|border-right-width:m\u00a0\u00bb device_visibility=\u00a0\u00bb0:none_\u00a0\u00bb css_style_991=\u00a0\u00bbpadding-top:45px|padding-bottom:45px\u00a0\u00bb css_style_767=\u00a0\u00bbpadding-top:45px|padding-bottom:45px\u00a0\u00bb background_image=\u00a0\u00bbid:1042|mime:undefined|url:https%3A%2F%2Fkafkaf.floriankromer.fr%2Fwp-content%2Fuploads%2F2022%2F05%2Fkate-darmody-YNZHMPY6kkE-unsplash-1-150&#215;150.jpg\u00a0\u00bb][cl_column vertical_align=\u00a0\u00bbmiddle\u00a0\u00bb fullheight_col=\u00a0\u00bb1&Prime; css_style=\u00a0\u00bbmargin-top:p|margin-bottom:p|margin-left:p|margin-right:p|padding-top:p|padding-bottom:p|padding-left:p|padding-right:p|border-top-width:p|border-bottom-width:p|border-left-width:p|border-right-width:p\u00a0\u00bb device_visibility=\u00a0\u00bb0:none_\u00a0\u00bb css_style_991=\u00a0\u00bbpadding-top:10px|padding-bottom:10px\u00a0\u00bb css_style_767=\u00a0\u00bbpadding-top:10px|padding-bottom:10px\u00a0\u00bb background_image=\u00a0\u00bbid:|mime:|url:\u00a0\u00bb][cl_media position=\u00a0\u00bbcenter\u00a0\u00bb css_style=\u00a0\u00bbmargin-top:m|margin-bottom:m|margin-left:m|margin-right:m|padding-top:m|padding-bottom:m|padding-left:m|padding-right:m|border-top-width:m|border-bottom-width:m|border-left-width:m|border-right-width:m\u00a0\u00bb image=\u00a0\u00bbid:110|mime:undefined|url:https%3A%2F%2Fkafkaf.floriankromer.fr%2Fwp-content%2Fuploads%2F2018%2F04%2Fsl1-150&#215;150.png\u00a0\u00bb][cl_button btn_title=\u00a0\u00bbVoir la carte\u00a0\u00bb overwrite_style=\u00a0\u00bb1&Prime; with_icon=\u00a0\u00bb0&Prime; link=\u00a0\u00bbhttps:\/\/www.instagram.com\/p\/CeCByR3LTEo\/\u00a0\u00bb target=\u00a0\u00bb_blank\u00a0\u00bb css_style=\u00a0\u00bbmargin-top:5%25|margin-bottom:m|margin-left:42.5%25|margin-right:m|padding-top:m|padding-bottom:m|padding-left:m|padding-right:m|border-top-width:m|border-bottom-width:m|border-left-width:m|border-right-width:m\u00a0\u00bb animation=\u00a0\u00bbbottom-t-top\u00a0\u00bb animation_delay=\u00a0\u00bb200&Prime;][\/cl_column][\/cl_row][cl_row row_type=\u00a0\u00bbcontainer-fluid\u00a0\u00bb columns_gap=\u00a0\u00bb0&Prime; equal_height=\u00a0\u00bb1&Prime; row_id=\u00a0\u00bbconcept\u00a0\u00bb css_style=\u00a0\u00bbpadding-top:0px|padding-bottom:0px\u00a0\u00bb background_position=\u00a0\u00bbright top\u00a0\u00bb background_size=\u00a0\u00bbauto\u00a0\u00bb parallax=\u00a0\u00bb1&Prime; device_visibility=\u00a0\u00bb0:none_\u00a0\u00bb col_responsive=\u00a0\u00bbfull\u00a0\u00bb css_style_991=\u00a0\u00bbpadding-top:45px|padding-bottom:45px\u00a0\u00bb css_style_767=\u00a0\u00bbpadding-top:45px|padding-bottom:45px\u00a0\u00bb background_color=\u00a0\u00bb#f7f4ed\u00a0\u00bb][cl_column width=\u00a0\u00bb1\/2&Prime; vertical_align=\u00a0\u00bbmiddle\u00a0\u00bb css_style=\u00a0\u00bbpadding-top:100px|padding-bottom:100px|padding-right:13%25|padding-left:25%25&Prime; device_visibility=\u00a0\u00bb`{`object Object`}`\u00a0\u00bb css_style_991=\u00a0\u00bbpadding-top:10px|padding-bottom:10px\u00a0\u00bb css_style_767_col_bool=\u00a0\u00bb1&Prime; css_style_767=\u00a0\u00bbpadding-left:15px|padding-right:15px|padding-bottom:50px\u00a0\u00bb background_color=\u00a0\u00bb#f7f4ed\u00a0\u00bb][cl_custom_heading typography=\u00a0\u00bbcustom_font\u00a0\u00bb text_font_family=\u00a0\u00bbPhilosopher\u00a0\u00bb text_font_size=\u00a0\u00bb60&Prime; text_font_weight=\u00a0\u00bb400&Prime; text_line_height=\u00a0\u00bb60&Prime; text_transform=\u00a0\u00bbnone\u00a0\u00bb parallel_divider=\u00a0\u00bb0&Prime; heading_with_icon=\u00a0\u00bb0&Prime; css_style=\u00a0\u00bbmargin-top:m|margin-bottom:m|margin-left:m|margin-right:m|padding-top:m|padding-bottom:m|padding-left:m|padding-right:m|border-top-width:m|border-bottom-width:m|border-left-width:m|border-right-width:m\u00a0\u00bb add_background_color=\u00a0\u00bb0&Prime; custom_responsive_992_bool=\u00a0\u00bb0&Prime; custom_responsive_768_bool=\u00a0\u00bb0&Prime; text_color=\u00a0\u00bb#23292c\u00a0\u00bb]<mark class=\"highlight\">Notre<\/mark> histoire[\/cl_custom_heading][cl_text css_style=\u00a0\u00bbmargin-top:20px\u00a0\u00bb]C\u2019est en 2017 que tout d\u00e9bute. Milan et Arthur se rencontrent au<br \/>\nc\u0153ur de la restauration gastronomique. Arthur, Ma\u00eetre d\u2019h\u00f4tel,<br \/>\nMilan, Chef cuisiner, forment un duo d\u2019excellence<br \/>\nprofessionnellement d\u2019abord, puis, se lient d\u2019une amiti\u00e9 ambitieuse<br \/>\net complice.<\/p>\n<p>Apr\u00e8s des ann\u00e9es de bons et loyaux services, Arthur et Milan<br \/>\nr\u00eavent de plus grand et de cr\u00e9er un projet \u00e0 leur image. L\u2019id\u00e9e<br \/>\ninitiale \u00e9tait de cr\u00e9er un restaurant gastronomique d\u2019une quinzaine<br \/>\nde couverts. Toutefois, et apr\u00e8s r\u00e9flexion, leur projet se peaufine : la<br \/>\ncr\u00e9ation d\u2019un brunch \u00e0 l\u2019assiette raffin\u00e9, gourmand et b\u00e9n\u00e9ficiant de<br \/>\ntoute la finesse de la cuisine haut de gamme.<\/p>\n<p>Aujourd\u2019hui, et apr\u00e8s des mois de travail et de r\u00e9flexions, la<br \/>\nmotivation commune ne s\u2019est jamais essouffl\u00e9e. C\u2019est avec<br \/>\nbeaucoup de fiert\u00e9 qu\u2019ils vous accueillent dans leur \u00e9tablissement<br \/>\nHoney, un restaurant aux saveurs marquantes, au service de<br \/>\nqualit\u00e9, assurant convivialit\u00e9 et souvenirs aux visiteurs.[\/cl_text][\/cl_column][cl_column width=\u00a0\u00bb1\/2&Prime; css_style=\u00a0\u00bbpadding-top:10px|padding-bottom:10px\u00a0\u00bb background_position=\u00a0\u00bbcenter center\u00a0\u00bb device_visibility=\u00a0\u00bb0:none_\u00a0\u00bb css_style_991=\u00a0\u00bbpadding-top:10px|padding-bottom:10px\u00a0\u00bb css_style_767=\u00a0\u00bbpadding-top:10px|padding-bottom:10px\u00a0\u00bb background_image=\u00a0\u00bbid:1072|mime:undefined|url:https%3A%2F%2Fkafkaf.floriankromer.fr%2Fwp-content%2Fuploads%2F2022%2F05%2Ffavour-otunji-dD7xFyDzES4-unsplash-2-150&#215;150.jpg\u00a0\u00bb][\/cl_column][\/cl_row][cl_row row_type=\u00a0\u00bbcontainer-fluid\u00a0\u00bb columns_gap=\u00a0\u00bb0&Prime; row_id=\u00a0\u00bbgallery\u00a0\u00bb anchor_label=\u00a0\u00bbGallery2&Prime; css_style=\u00a0\u00bbpadding-top:60px\u00a0\u00bb text_color=\u00a0\u00bblight-text\u00a0\u00bb device_visibility=\u00a0\u00bb0:none_\u00a0\u00bb css_style_991=\u00a0\u00bbpadding-top:45px|padding-bottom:45px\u00a0\u00bb css_style_767=\u00a0\u00bbpadding-top:45px|padding-bottom:45px\u00a0\u00bb background_color=\u00a0\u00bb#222023&Prime;][cl_column horizontal_align=\u00a0\u00bbmiddle\u00a0\u00bb css_style=\u00a0\u00bbmargin-top:p|margin-bottom:p|margin-left:p|margin-right:p|padding-top:p|padding-bottom:p|padding-left:p|padding-right:p|border-top-width:p|border-bottom-width:p|border-left-width:p|border-right-width:p\u00a0\u00bb text_color=\u00a0\u00bblight-text\u00a0\u00bb device_visibility=\u00a0\u00bb0:none_\u00a0\u00bb css_style_991=\u00a0\u00bbpadding-top:10px|padding-bottom:10px\u00a0\u00bb css_style_767=\u00a0\u00bbpadding-top:10px|padding-bottom:10px\u00a0\u00bb background_image=\u00a0\u00bbid:|mime:|url:\u00a0\u00bb][cl_custom_heading typography=\u00a0\u00bbcustom_font\u00a0\u00bb text_font_family=\u00a0\u00bbPhilosopher\u00a0\u00bb text_font_size=\u00a0\u00bb60&Prime; text_font_weight=\u00a0\u00bb400&Prime; text_line_height=\u00a0\u00bb60&Prime; text_transform=\u00a0\u00bbnone\u00a0\u00bb css_style=\u00a0\u00bbmargin-top:20px\u00a0\u00bb text_color=\u00a0\u00bb#eae5d6&Prime;]<mark class=\"highlight\">Notre<\/mark> Galerie[\/cl_custom_heading][cl_text margin_paragraphs=\u00a0\u00bb0&Prime; custom_typography=\u00a0\u00bb1&Prime; text_font_size=\u00a0\u00bb16&Prime; text_line_height=\u00a0\u00bb24&Prime; css_style=\u00a0\u00bbmargin-top:25px|margin-bottom:60px\u00a0\u00bb text_color=\u00a0\u00bb#eae5d6&Prime;]<\/p>\n<p>Aenean sodales dictum augue, in faucibus nisi sollicitudin eu. Nulla semper arcu vel diam auctor. condimentum.<\/p>\n<p>Nam molestie sem eu quam fermentum a tempus nisi aliquet.<\/p>\n<p>[\/cl_text][cl_portfolio columns=\u00a0\u00bb5&Prime; distance=\u00a0\u00bb0&Prime; portfolio_filters=\u00a0\u00bbsmall\u00a0\u00bb portfolio_animation=\u00a0\u00bbalpha-anim\u00a0\u00bb categories=\u00a0\u00bb`{`object Object`}`\u00a0\u00bb portfolio_overlay_content_animation=\u00a0\u00bbbottom-t-top\u00a0\u00bb portfolio_overlay=\u00a0\u00bbtwo_icons\u00a0\u00bb portfolio_overlay_icon_bool=\u00a0\u00bb1&Prime; portfolio_overlay_color=\u00a0\u00bbrgba(0,0,0,0.67)\u00a0\u00bb][\/cl_column][\/cl_row][cl_row row_id=\u00a0\u00bbGallery2&Prime; css_style=\u00a0\u00bbpadding-top:70px|padding-bottom:70px\u00a0\u00bb device_visibility=\u00a0\u00bb0:none_\u00a0\u00bb css_style_991=\u00a0\u00bbpadding-top:45px|padding-bottom:45px\u00a0\u00bb css_style_767=\u00a0\u00bbpadding-top:45px|padding-bottom:45px\u00a0\u00bb][cl_column horizontal_align=\u00a0\u00bbmiddle\u00a0\u00bb css_style=\u00a0\u00bbpadding-top:10px|padding-bottom:10px\u00a0\u00bb device_visibility=\u00a0\u00bb`{`object Object`}`\u00a0\u00bb css_style_991=\u00a0\u00bbpadding-top:10px|padding-bottom:10px\u00a0\u00bb css_style_767=\u00a0\u00bbpadding-top:10px|padding-bottom:10px\u00a0\u00bb][cl_custom_heading typography=\u00a0\u00bbcustom_font\u00a0\u00bb text_font_family=\u00a0\u00bbPhilosopher\u00a0\u00bb text_font_size=\u00a0\u00bb60&Prime; text_font_weight=\u00a0\u00bb400&Prime; text_line_height=\u00a0\u00bb60&Prime; text_transform=\u00a0\u00bbnone\u00a0\u00bb css_style=\u00a0\u00bbmargin-top:20px\u00a0\u00bb text_color=\u00a0\u00bb#23292c\u00a0\u00bb]<mark class=\"highlight\">Nos<\/mark> services[\/cl_custom_heading][cl_text margin_paragraphs=\u00a0\u00bb0&Prime; css_style=\u00a0\u00bbmargin-top:20px\u00a0\u00bb]<\/p>\n<p>Aenean sodales dictum augue, in faucibus nisi sollicitudin eu. Nulla semper arcu vel diam auctor. condimentum.<\/p>\n<p>Nam molestie sem eu quam fermentum a tempus nisi aliquet.<\/p>\n<p>[\/cl_text][cl_row_inner css_style=\u00a0\u00bbmargin-top:40px\u00a0\u00bb][cl_column_inner width=\u00a0\u00bb1\/4&Prime; css_style=\u00a0\u00bbpadding-top:10px|padding-bottom:10px\u00a0\u00bb css_style_991=\u00a0\u00bbpadding-top:10px|padding-bottom:10px\u00a0\u00bb css_style_767=\u00a0\u00bbpadding-top:10px|padding-bottom:10px\u00a0\u00bb][cl_service media=\u00a0\u00bbtype_custom\u00a0\u00bb layout_type=\u00a0\u00bbmedia_top\u00a0\u00bb layout_align=\u00a0\u00bbalign_center\u00a0\u00bb title=\u00a0\u00bbPetit dejs\u00a0\u00bb css_style=\u00a0\u00bbmargin-top:20px\u00a0\u00bb wrapper_size=\u00a0\u00bb110&Prime; title_distance_top=\u00a0\u00bb5&Prime; title_content_distance=\u00a0\u00bb10&Prime; title_typography=\u00a0\u00bbcustom_font\u00a0\u00bb title_font_size=\u00a0\u00bb30&Prime; title_font_weight=\u00a0\u00bb400&Prime; title_line_height=\u00a0\u00bb48&Prime; title_transform=\u00a0\u00bbnone\u00a0\u00bb animation=\u00a0\u00bbbottom-t-top\u00a0\u00bb animation_speed=\u00a0\u00bb600&Prime; image=\u00a0\u00bbid:64|mime:undefined|url:https%3A%2F%2Fkafkaf.floriankromer.fr%2Fwp-content%2Fuploads%2F2018%2F03%2Fico1.png\u00a0\u00bb box_border_color=\u00a0\u00bbrgba(0,0,0,0)\u00a0\u00bb title_color=\u00a0\u00bb#e68556&Prime;]Lorem ipsum dolor sit amet, tetur piscing elit. Suspendisse smod congue bibendum.[\/cl_service][\/cl_column_inner][cl_column_inner width=\u00a0\u00bb1\/4&Prime; css_style=\u00a0\u00bbpadding-top:10px|padding-bottom:10px\u00a0\u00bb css_style_991=\u00a0\u00bbpadding-top:10px|padding-bottom:10px\u00a0\u00bb css_style_767=\u00a0\u00bbpadding-top:10px|padding-bottom:10px\u00a0\u00bb][cl_service media=\u00a0\u00bbtype_custom\u00a0\u00bb layout_type=\u00a0\u00bbmedia_top\u00a0\u00bb layout_align=\u00a0\u00bbalign_center\u00a0\u00bb title=\u00a0\u00bbMidi\u00a0\u00bb css_style=\u00a0\u00bbmargin-top:20px\u00a0\u00bb wrapper_size=\u00a0\u00bb127&Prime; wrapper_distance=\u00a0\u00bb9&Prime; title_content_distance=\u00a0\u00bb10&Prime; title_typography=\u00a0\u00bbcustom_font\u00a0\u00bb title_font_size=\u00a0\u00bb30&Prime; title_font_weight=\u00a0\u00bb400&Prime; title_line_height=\u00a0\u00bb48&Prime; title_transform=\u00a0\u00bbnone\u00a0\u00bb animation=\u00a0\u00bbbottom-t-top\u00a0\u00bb animation_delay=\u00a0\u00bb200&Prime; animation_speed=\u00a0\u00bb600&Prime; image=\u00a0\u00bbid:65|mime:undefined|url:https%3A%2F%2Fkafkaf.floriankromer.fr%2Fwp-content%2Fuploads%2F2018%2F03%2Fico2.png\u00a0\u00bb box_border_color=\u00a0\u00bbrgba(0,0,0,0)\u00a0\u00bb title_color=\u00a0\u00bb#e68556&Prime;]Lorem ipsum dolor sit amet, tetur piscing elit. Suspendisse smod congue bibendum.[\/cl_service][\/cl_column_inner][cl_column_inner width=\u00a0\u00bb1\/4&Prime; css_style=\u00a0\u00bbpadding-top:10px|padding-bottom:10px\u00a0\u00bb css_style_991=\u00a0\u00bbpadding-top:10px|padding-bottom:10px\u00a0\u00bb css_style_767=\u00a0\u00bbpadding-top:10px|padding-bottom:10px\u00a0\u00bb][cl_service media=\u00a0\u00bbtype_custom\u00a0\u00bb layout_type=\u00a0\u00bbmedia_top\u00a0\u00bb layout_align=\u00a0\u00bbalign_center\u00a0\u00bb title=\u00a0\u00bbDesserts\u00a0\u00bb css_style=\u00a0\u00bbmargin-top:20px\u00a0\u00bb wrapper_size=\u00a0\u00bb115&Prime; wrapper_distance=\u00a0\u00bb16&Prime; title_distance_top=\u00a0\u00bb5&Prime; title_content_distance=\u00a0\u00bb10&Prime; title_typography=\u00a0\u00bbcustom_font\u00a0\u00bb title_font_size=\u00a0\u00bb30&Prime; title_font_weight=\u00a0\u00bb400&Prime; title_line_height=\u00a0\u00bb48&Prime; title_transform=\u00a0\u00bbnone\u00a0\u00bb animation=\u00a0\u00bbbottom-t-top\u00a0\u00bb animation_delay=\u00a0\u00bb400&Prime; animation_speed=\u00a0\u00bb600&Prime; image=\u00a0\u00bbid:66|mime:undefined|url:https%3A%2F%2Fkafkaf.floriankromer.fr%2Fwp-content%2Fuploads%2F2018%2F03%2Fico3.png\u00a0\u00bb box_border_color=\u00a0\u00bbrgba(0,0,0,0)\u00a0\u00bb title_color=\u00a0\u00bb#e68556&Prime;]Lorem ipsum dolor sit amet, tetur piscing elit. Suspendisse smod congue bibendum.[\/cl_service][\/cl_column_inner][cl_column_inner width=\u00a0\u00bb1\/4&Prime; css_style=\u00a0\u00bbpadding-top:10px|padding-bottom:10px\u00a0\u00bb css_style_991=\u00a0\u00bbpadding-top:10px|padding-bottom:10px\u00a0\u00bb css_style_767=\u00a0\u00bbpadding-top:10px|padding-bottom:10px\u00a0\u00bb][cl_service media=\u00a0\u00bbtype_custom\u00a0\u00bb layout_type=\u00a0\u00bbmedia_top\u00a0\u00bb layout_align=\u00a0\u00bbalign_center\u00a0\u00bb title=\u00a0\u00bbBoissons\u00a0\u00bb css_style=\u00a0\u00bbpadding-top:16px\u00a0\u00bb wrapper_size=\u00a0\u00bb100&Prime; wrapper_distance=\u00a0\u00bb16&Prime; title_distance_top=\u00a0\u00bb5&Prime; title_content_distance=\u00a0\u00bb10&Prime; title_typography=\u00a0\u00bbcustom_font\u00a0\u00bb title_font_size=\u00a0\u00bb30&Prime; title_font_weight=\u00a0\u00bb400&Prime; title_line_height=\u00a0\u00bb48&Prime; title_transform=\u00a0\u00bbnone\u00a0\u00bb animation=\u00a0\u00bbbottom-t-top\u00a0\u00bb animation_delay=\u00a0\u00bb600&Prime; animation_speed=\u00a0\u00bb600&Prime; image=\u00a0\u00bbid:67|mime:undefined|url:https%3A%2F%2Fkafkaf.floriankromer.fr%2Fwp-content%2Fuploads%2F2018%2F03%2Fico4.png\u00a0\u00bb box_border_color=\u00a0\u00bbrgba(0,0,0,0)\u00a0\u00bb title_color=\u00a0\u00bb#e68556&Prime;]Lorem ipsum dolor sit amet, tetur piscing elit. Suspendisse smod congue bibendum.[\/cl_service][\/cl_column_inner][\/cl_row_inner][\/cl_column][\/cl_row][cl_row row_id=\u00a0\u00bbmenu\u00a0\u00bb css_style=\u00a0\u00bbpadding-top:70px|padding-bottom:70px\u00a0\u00bb text_color=\u00a0\u00bblight-text\u00a0\u00bb parallax=\u00a0\u00bb1&Prime; overlay=\u00a0\u00bbcolor\u00a0\u00bb overlay_opacity=\u00a0\u00bb1&Prime; device_visibility=\u00a0\u00bb0:none_\u00a0\u00bb css_style_991=\u00a0\u00bbpadding-top:45px|padding-bottom:45px\u00a0\u00bb css_style_767=\u00a0\u00bbpadding-top:45px|padding-bottom:45px\u00a0\u00bb background_image=\u00a0\u00bbid:73|mime:image%252Fjpeg|url:http%253A%252F%252Fcodeless.co%252Fpicante%252Fdefault%252Fwp-content%252Fuploads%252F2018%252F03%252Fbg1-min.jpg\u00a0\u00bb background_color=\u00a0\u00bb#000000&Prime; overlay_color=\u00a0\u00bb#222023&Prime;][cl_column horizontal_align=\u00a0\u00bbmiddle\u00a0\u00bb css_style=\u00a0\u00bbpadding-top:10px|padding-bottom:10px\u00a0\u00bb device_visibility=\u00a0\u00bb`{`object Object`}`\u00a0\u00bb css_style_991=\u00a0\u00bbpadding-top:10px|padding-bottom:10px\u00a0\u00bb css_style_767=\u00a0\u00bbpadding-top:10px|padding-bottom:10px\u00a0\u00bb][cl_custom_heading typography=\u00a0\u00bbcustom_font\u00a0\u00bb text_font_family=\u00a0\u00bbPhilosopher\u00a0\u00bb text_font_size=\u00a0\u00bb60&Prime; text_font_weight=\u00a0\u00bb400&Prime; text_line_height=\u00a0\u00bb60&Prime; text_transform=\u00a0\u00bbnone\u00a0\u00bb parallel_divider=\u00a0\u00bb0&Prime; heading_with_icon=\u00a0\u00bb0&Prime; css_style=\u00a0\u00bbmargin-top:20px\u00a0\u00bb add_background_color=\u00a0\u00bb0&Prime; custom_responsive_992_bool=\u00a0\u00bb0&Prime; custom_responsive_768_bool=\u00a0\u00bb0&Prime; text_color=\u00a0\u00bb#eae5d6&Prime;]<mark class=\"highlight\">Nos<\/mark> Brunchs[\/cl_custom_heading][cl_row_inner css_style=\u00a0\u00bbmargin-top:35px\u00a0\u00bb][cl_column_inner width=\u00a0\u00bb1\/2&Prime; animation=\u00a0\u00bbalpha-anim\u00a0\u00bb animation_speed=\u00a0\u00bb600&Prime; css_style=\u00a0\u00bbpadding-top:10px|padding-bottom:10px\u00a0\u00bb text_color=\u00a0\u00bblight-text\u00a0\u00bb css_style_991=\u00a0\u00bbpadding-top:10px|padding-bottom:10px\u00a0\u00bb css_style_767=\u00a0\u00bbpadding-top:10px|padding-bottom:10px\u00a0\u00bb][cl_list type=\u00a0\u00bbtable\u00a0\u00bb css_style=\u00a0\u00bbmargin-top:15px\u00a0\u00bb][cl_table_row title=\u00a0\u00bbEggs Any Style \u00a0\u00bb subtitle=\u00a0\u00bbwith homefries &amp; toast\u00a0\u00bb wrapper_subtitle=\u00a0\u00bb#222023&Prime; wrapper_price=\u00a0\u00bb#222023&Prime;][cl_table_row title=\u00a0\u00bbScrambled Eggs in Puff Pastry\u00a0\u00bb subtitle=\u00a0\u00bbwith wild mushrooms and asparagus\u00a0\u00bb price=\u00a0\u00bb7.00&Prime; wrapper_subtitle=\u00a0\u00bb#222023&Prime; wrapper_price=\u00a0\u00bb#222023&Prime;][cl_table_row title=\u00a0\u00bbEggs Benedict \u00a0\u00bb subtitle=\u00a0\u00bbwith homefries\u00a0\u00bb price=\u00a0\u00bb6.00&Prime; wrapper_subtitle=\u00a0\u00bb#222023&Prime; wrapper_price=\u00a0\u00bb#222023&Prime;][cl_table_row title=\u00a0\u00bbEggs Norwegian \u00a0\u00bb subtitle=\u00a0\u00bbwith homefries\u00a0\u00bb price=\u00a0\u00bb12.00&Prime; wrapper_subtitle=\u00a0\u00bb#222023&Prime; wrapper_price=\u00a0\u00bb#222023&Prime;][cl_table_row title=\u00a0\u00bbSoft-Boiled Organic Egg \u00a0\u00bb subtitle=\u00a0\u00bbwith \u201csoldiers\u201d\u00a0\u00bb price=\u00a0\u00bb24.00&Prime; wrapper_subtitle=\u00a0\u00bb#222023&Prime; wrapper_price=\u00a0\u00bb#222023&Prime;][\/cl_list][\/cl_column_inner][cl_column_inner width=\u00a0\u00bb1\/2&Prime; animation=\u00a0\u00bbalpha-anim\u00a0\u00bb animation_delay=\u00a0\u00bb200&Prime; animation_speed=\u00a0\u00bb600&Prime; css_style=\u00a0\u00bbpadding-top:10px|padding-bottom:10px\u00a0\u00bb css_style_991=\u00a0\u00bbpadding-top:10px|padding-bottom:10px\u00a0\u00bb css_style_767=\u00a0\u00bbpadding-top:10px|padding-bottom:10px\u00a0\u00bb][cl_list type=\u00a0\u00bbtable\u00a0\u00bb css_style=\u00a0\u00bbmargin-top:15px\u00a0\u00bb][cl_table_row title=\u00a0\u00bbSoft-Boiled Organic Egg \u00a0\u00bb subtitle=\u00a0\u00bbwith \u201csoldiers\u201d \u00a0\u00bb wrapper_subtitle=\u00a0\u00bb#222023&Prime; wrapper_price=\u00a0\u00bb#222023&Prime;][cl_table_row title=\u00a0\u00bbEggs Any Style \u00a0\u00bb subtitle=\u00a0\u00bbwith homefries &amp; toast\u00a0\u00bb price=\u00a0\u00bb7.00&Prime; wrapper_subtitle=\u00a0\u00bb#222023&Prime; wrapper_price=\u00a0\u00bb#222023&Prime;][cl_table_row title=\u00a0\u00bbScrambled Eggs in Puff Pastry\u00a0\u00bb subtitle=\u00a0\u00bbwith wild mushrooms and asparagus\u00a0\u00bb price=\u00a0\u00bb8.00&Prime; wrapper_subtitle=\u00a0\u00bb#222023&Prime; wrapper_price=\u00a0\u00bb#222023&Prime;][cl_table_row title=\u00a0\u00bbEggs Benedict \u00a0\u00bb subtitle=\u00a0\u00bbwith homefries\u00a0\u00bb price=\u00a0\u00bb11.00&Prime; wrapper_subtitle=\u00a0\u00bb#222023&Prime; wrapper_price=\u00a0\u00bb#222023&Prime;][cl_table_row title=\u00a0\u00bbEggs Norwegian \u00a0\u00bb subtitle=\u00a0\u00bbwith homefries\u00a0\u00bb price=\u00a0\u00bb22.00&Prime; wrapper_subtitle=\u00a0\u00bb#222023&Prime; wrapper_price=\u00a0\u00bb#222023&Prime;][\/cl_list][\/cl_column_inner][\/cl_row_inner][\/cl_column][\/cl_row]<\/p>\n","protected":false},"excerpt":{"rendered":"<p>[cl_row fullheight=\u00a0\u00bb1&Prime; css_style=\u00a0\u00bbmargin-top:m|margin-bottom:m|margin-left:m|margin-right:m|padding-top:m|padding-bottom:m|padding-left:m|padding-right:m|border-top-width:m|border-bottom-width:m|border-left-width:m|border-right-width:m\u00a0\u00bb device_visibility=\u00a0\u00bb0:none_\u00a0\u00bb css_style_991=\u00a0\u00bbpadding-top:45px|padding-bottom:45px\u00a0\u00bb css_style_767=\u00a0\u00bbpadding-top:45px|padding-bottom:45px\u00a0\u00bb background_image=\u00a0\u00bbid:1042|mime:undefined|url:https%3A%2F%2Fkafkaf.floriankromer.fr%2Fwp-content%2Fuploads%2F2022%2F05%2Fkate-darmody-YNZHMPY6kkE-unsplash-1-150&#215;150.jpg\u00a0\u00bb][cl_column vertical_align=\u00a0\u00bbmiddle\u00a0\u00bb fullheight_col=\u00a0\u00bb1&Prime; css_style=\u00a0\u00bbmargin-top:p|margin-bottom:p|margin-left:p|margin-right:p|padding-top:p|padding-bottom:p|padding-left:p|padding-right:p|border-top-width:p|border-bottom-width:p|border-left-width:p|border-right-width:p\u00a0\u00bb device_visibility=\u00a0\u00bb0:none_\u00a0\u00bb css_style_991=\u00a0\u00bbpadding-top:10px|padding-bottom:10px\u00a0\u00bb css_style_767=\u00a0\u00bbpadding-top:10px|padding-bottom:10px\u00a0\u00bb background_image=\u00a0\u00bbid:|mime:|url:\u00a0\u00bb][cl_media position=\u00a0\u00bbcenter\u00a0\u00bb css_style=\u00a0\u00bbmargin-top:m|margin-bottom:m|margin-left:m|margin-right:m|padding-top:m|padding-bottom:m|padding-left:m|padding-right:m|border-top-width:m|border-bottom-width:m|border-left-width:m|border-right-width:m\u00a0\u00bb image=\u00a0\u00bbid:110|mime:undefined|url:https%3A%2F%2Fkafkaf.floriankromer.fr%2Fwp-content%2Fuploads%2F2018%2F04%2Fsl1-150&#215;150.png\u00a0\u00bb][cl_button btn_title=\u00a0\u00bbVoir la carte\u00a0\u00bb overwrite_style=\u00a0\u00bb1&Prime; with_icon=\u00a0\u00bb0&Prime; link=\u00a0\u00bbhttps:\/\/www.instagram.com\/p\/CeCByR3LTEo\/\u00a0\u00bb target=\u00a0\u00bb_blank\u00a0\u00bb css_style=\u00a0\u00bbmargin-top:5%25|margin-bottom:m|margin-left:42.5%25|margin-right:m|padding-top:m|padding-bottom:m|padding-left:m|padding-right:m|border-top-width:m|border-bottom-width:m|border-left-width:m|border-right-width:m\u00a0\u00bb animation=\u00a0\u00bbbottom-t-top\u00a0\u00bb animation_delay=\u00a0\u00bb200&Prime;][\/cl_column][\/cl_row][cl_row row_type=\u00a0\u00bbcontainer-fluid\u00a0\u00bb columns_gap=\u00a0\u00bb0&Prime; equal_height=\u00a0\u00bb1&Prime; row_id=\u00a0\u00bbconcept\u00a0\u00bb css_style=\u00a0\u00bbpadding-top:0px|padding-bottom:0px\u00a0\u00bb background_position=\u00a0\u00bbright top\u00a0\u00bb background_size=\u00a0\u00bbauto\u00a0\u00bb parallax=\u00a0\u00bb1&Prime; device_visibility=\u00a0\u00bb0:none_\u00a0\u00bb col_responsive=\u00a0\u00bbfull\u00a0\u00bb css_style_991=\u00a0\u00bbpadding-top:45px|padding-bottom:45px\u00a0\u00bb css_style_767=\u00a0\u00bbpadding-top:45px|padding-bottom:45px\u00a0\u00bb background_color=\u00a0\u00bb#f7f4ed\u00a0\u00bb][cl_column width=\u00a0\u00bb1\/2&Prime; vertical_align=\u00a0\u00bbmiddle\u00a0\u00bb css_style=\u00a0\u00bbpadding-top:100px|padding-bottom:100px|padding-right:13%25|padding-left:25%25&Prime; device_visibility=\u00a0\u00bb`{`object Object`}`\u00a0\u00bb css_style_991=\u00a0\u00bbpadding-top:10px|padding-bottom:10px\u00a0\u00bb css_style_767_col_bool=\u00a0\u00bb1&Prime; css_style_767=\u00a0\u00bbpadding-left:15px|padding-right:15px|padding-bottom:50px\u00a0\u00bb background_color=\u00a0\u00bb#f7f4ed\u00a0\u00bb][cl_custom_heading typography=\u00a0\u00bbcustom_font\u00a0\u00bb text_font_family=\u00a0\u00bbPhilosopher\u00a0\u00bb text_font_size=\u00a0\u00bb60&Prime; text_font_weight=\u00a0\u00bb400&Prime; text_line_height=\u00a0\u00bb60&Prime; text_transform=\u00a0\u00bbnone\u00a0\u00bb parallel_divider=\u00a0\u00bb0&Prime; heading_with_icon=\u00a0\u00bb0&Prime; css_style=\u00a0\u00bbmargin-top:m|margin-bottom:m|margin-left:m|margin-right:m|padding-top:m|padding-bottom:m|padding-left:m|padding-right:m|border-top-width:m|border-bottom-width:m|border-left-width:m|border-right-width:m\u00a0\u00bb add_background_color=\u00a0\u00bb0&Prime; custom_responsive_992_bool=\u00a0\u00bb0&Prime; custom_responsive_768_bool=\u00a0\u00bb0&Prime; text_color=\u00a0\u00bb#23292c\u00a0\u00bb]Notre histoire[\/cl_custom_heading][cl_text css_style=\u00a0\u00bbmargin-top:20px\u00a0\u00bb]C\u2019est en 2017 que tout d\u00e9bute. Milan et Arthur se rencontrent au c\u0153ur de la restauration gastronomique. Arthur, Ma\u00eetre d\u2019h\u00f4tel, Milan, Chef cuisiner, forment un duo d\u2019excellence professionnellement d\u2019abord, puis, se lient d\u2019une amiti\u00e9 ambitieuse et complice. Apr\u00e8s des ann\u00e9es de bons et loyaux services, Arthur et Milan r\u00eavent de plus grand et de cr\u00e9er un projet \u00e0 leur image. L\u2019id\u00e9e initiale \u00e9tait de cr\u00e9er un restaurant gastronomique d\u2019une quinzaine de couverts. Toutefois, et apr\u00e8s r\u00e9flexion, leur projet se peaufine : la cr\u00e9ation d\u2019un brunch \u00e0 l\u2019assiette raffin\u00e9, gourmand et b\u00e9n\u00e9ficiant de toute la finesse de la cuisine haut de gamme. Aujourd\u2019hui, et apr\u00e8s des mois de travail et de r\u00e9flexions, la motivation commune ne s\u2019est jamais essouffl\u00e9e. C\u2019est avec beaucoup de fiert\u00e9 qu\u2019ils vous accueillent dans leur \u00e9tablissement Honey, un restaurant aux saveurs marquantes, au [&hellip;]<\/p>\n","protected":false},"author":1,"featured_media":0,"parent":0,"menu_order":0,"comment_status":"closed","ping_status":"closed","template":"","meta":{"footnotes":""},"class_list":["post-5","page","type-page","status-publish","hentry"],"_links":{"self":[{"href":"https:\/\/kafkaf.floriankromer.fr\/index.php?rest_route=\/wp\/v2\/pages\/5","targetHints":{"allow":["GET"]}}],"collection":[{"href":"https:\/\/kafkaf.floriankromer.fr\/index.php?rest_route=\/wp\/v2\/pages"}],"about":[{"href":"https:\/\/kafkaf.floriankromer.fr\/index.php?rest_route=\/wp\/v2\/types\/page"}],"author":[{"embeddable":true,"href":"https:\/\/kafkaf.floriankromer.fr\/index.php?rest_route=\/wp\/v2\/users\/1"}],"replies":[{"embeddable":true,"href":"https:\/\/kafkaf.floriankromer.fr\/index.php?rest_route=%2Fwp%2Fv2%2Fcomments&post=5"}],"version-history":[{"count":48,"href":"https:\/\/kafkaf.floriankromer.fr\/index.php?rest_route=\/wp\/v2\/pages\/5\/revisions"}],"predecessor-version":[{"id":1107,"href":"https:\/\/kafkaf.floriankromer.fr\/index.php?rest_route=\/wp\/v2\/pages\/5\/revisions\/1107"}],"wp:attachment":[{"href":"https:\/\/kafkaf.floriankromer.fr\/index.php?rest_route=%2Fwp%2Fv2%2Fmedia&parent=5"}],"curies":[{"name":"wp","href":"https:\/\/api.w.org\/{rel}","templated":true}]}}